{"id":9,"date":"2017-11-22T13:16:50","date_gmt":"2017-11-22T12:16:50","guid":{"rendered":"http:\/\/www.pembergermike.fixed-staging.co.uk\/?page_id=9"},"modified":"2026-01-03T16:25:33","modified_gmt":"2026-01-03T15:25:33","slug":"kontakt","status":"publish","type":"page","link":"https:\/\/www.pembergermike.at\/?page_id=9","title":{"rendered":"Kontakt"},"content":{"rendered":"<h4><span style=\"color: #086103;\">Mag.a Sigrid Pemberger-Mike<\/span><\/h4>\n<h4><span style=\"color: #086103;\">Villa Grasgr\u00fcn<\/span><\/h4>\n<h4><span style=\"color: #086103;\">Hausergasse 5<\/span><\/h4>\n<h4><span style=\"color: #086103;\">9020 Klagenfurt am W\u00f6rthersee<\/span><\/h4>\n<h4><span style=\"color: #086103;\">Tel: 0677\/631 19 477<\/span><span style=\"color: #086103;\"> \u00a0<\/span><\/h4>\n<h4><\/h4>\n<h4><span style=\"color: #086103;\"><strong>Die Terminvergabe f\u00fcr ein pers\u00f6nliches Erstgespr\u00e4ch erfolgt telefonisch oder per Email.<\/strong><\/span><\/h4>\n<h4><span style=\"color: #086103;\">\u00a0<\/span><\/h4>\n","protected":false},"excerpt":{"rendered":"<p>Mag.a Sigrid Pemberger-Mike Villa Grasgr\u00fcn Hausergasse 5 9020 Klagenfurt am W\u00f6rthersee Tel: 0677\/631 19 477 \u00a0 Die Terminvergabe f\u00fcr ein pers\u00f6nliches Erstgespr\u00e4ch erfolgt telefonisch oder per Email. \u00a0<\/p>\n","protected":false},"author":1,"featured_media":606,"parent":0,"menu_order":0,"comment_status":"closed","ping_status":"closed","template":"","meta":{"footnotes":""},"class_list":["post-9","page","type-page","status-publish","has-post-thumbnail","hentry"],"aioseo_notices":[],"_links":{"self":[{"href":"https:\/\/www.pembergermike.at\/index.php?rest_route=\/wp\/v2\/pages\/9","targetHints":{"allow":["GET"]}}],"collection":[{"href":"https:\/\/www.pembergermike.at\/index.php?rest_route=\/wp\/v2\/pages"}],"about":[{"href":"https:\/\/www.pembergermike.at\/index.php?rest_route=\/wp\/v2\/types\/page"}],"author":[{"embeddable":true,"href":"https:\/\/www.pembergermike.at\/index.php?rest_route=\/wp\/v2\/users\/1"}],"replies":[{"embeddable":true,"href":"https:\/\/www.pembergermike.at\/index.php?rest_route=%2Fwp%2Fv2%2Fcomments&post=9"}],"version-history":[{"count":19,"href":"https:\/\/www.pembergermike.at\/index.php?rest_route=\/wp\/v2\/pages\/9\/revisions"}],"predecessor-version":[{"id":1011,"href":"https:\/\/www.pembergermike.at\/index.php?rest_route=\/wp\/v2\/pages\/9\/revisions\/1011"}],"wp:featuredmedia":[{"embeddable":true,"href":"https:\/\/www.pembergermike.at\/index.php?rest_route=\/wp\/v2\/media\/606"}],"wp:attachment":[{"href":"https:\/\/www.pembergermike.at\/index.php?rest_route=%2Fwp%2Fv2%2Fmedia&parent=9"}],"curies":[{"name":"wp","href":"https:\/\/api.w.org\/{rel}","templated":true}]}}