{"id":54,"date":"2018-01-02T22:15:32","date_gmt":"2018-01-02T21:15:32","guid":{"rendered":"http:\/\/www.pembergermike.fixed-staging.co.uk\/?page_id=54"},"modified":"2022-07-19T09:09:24","modified_gmt":"2022-07-19T07:09:24","slug":"honorar","status":"publish","type":"page","link":"https:\/\/www.pembergermike.at\/?page_id=54","title":{"rendered":"Links"},"content":{"rendered":"<h4><a href=\"http:\/\/www.verhaltenstherapie-avm.at\/index.html\"><span style=\"color: #008000;\">Arbeitsgemeinschaft f\u00fcr Verhaltensmodifikation <\/span><\/a><\/h4>\n<h4><a href=\"https:\/\/www.google.com\/url?sa=t&amp;source=web&amp;rct=j&amp;url=https:\/\/broschuerenservice.sozialministerium.at\/Home\/Download%3FpublicationId%3D563&amp;ved=2ahUKEwjg3LyBsoT5AhW2VvEDHTy_CvUQFnoECBIQAQ&amp;usg=AOvVaw3ku3wsAJDVHONiVAqVY8ir\"><span style=\"color: #008000;\">Bundesministerium Arbeit, Soziales, Gesundheit und Konsumentenschutz <\/span><\/a><\/h4>\n<h4><span style=\"color: #086103;\">\u00a0<\/span><a href=\"http:\/\/www.krebshilfe-ktn.at\"><span style=\"color: #008000;\">\u00d6sterreichische Krebshilfe K\u00e4rnten<\/span><\/a><\/h4>\n<h4><a href=\"http:\/\/www.psyonline.at\"><span style=\"color: #008000;\">PsyOnline \u00d6sterreichs gr\u00f6\u00dftes Internet-Portal f\u00fcr Psychotherapie <\/span><\/a><\/h4>\n<h4><a href=\"https:\/\/www.kath-kirche-kaernten.at\/dioezese\/organisation\/C3427\"><span style=\"color: #008000;\">Plattform Verwaiste Eltern <\/span><\/a><\/h4>\n<h4><\/h4>\n<h4><span style=\"color: #008000;\">\u00a0<\/span><\/h4>\n<h2><\/h2>\n","protected":false},"excerpt":{"rendered":"<p>Arbeitsgemeinschaft f\u00fcr Verhaltensmodifikation Bundesministerium Arbeit, Soziales, Gesundheit und Konsumentenschutz \u00a0\u00d6sterreichische Krebshilfe K\u00e4rnten PsyOnline \u00d6sterreichs gr\u00f6\u00dftes Internet-Portal f\u00fcr Psychotherapie Plattform Verwaiste Eltern \u00a0<\/p>\n","protected":false},"author":2,"featured_media":703,"parent":0,"menu_order":0,"comment_status":"closed","ping_status":"closed","template":"","meta":{"footnotes":""},"class_list":["post-54","page","type-page","status-publish","has-post-thumbnail","hentry"],"aioseo_notices":[],"_links":{"self":[{"href":"https:\/\/www.pembergermike.at\/index.php?rest_route=\/wp\/v2\/pages\/54","targetHints":{"allow":["GET"]}}],"collection":[{"href":"https:\/\/www.pembergermike.at\/index.php?rest_route=\/wp\/v2\/pages"}],"about":[{"href":"https:\/\/www.pembergermike.at\/index.php?rest_route=\/wp\/v2\/types\/page"}],"author":[{"embeddable":true,"href":"https:\/\/www.pembergermike.at\/index.php?rest_route=\/wp\/v2\/users\/2"}],"replies":[{"embeddable":true,"href":"https:\/\/www.pembergermike.at\/index.php?rest_route=%2Fwp%2Fv2%2Fcomments&post=54"}],"version-history":[{"count":24,"href":"https:\/\/www.pembergermike.at\/index.php?rest_route=\/wp\/v2\/pages\/54\/revisions"}],"predecessor-version":[{"id":982,"href":"https:\/\/www.pembergermike.at\/index.php?rest_route=\/wp\/v2\/pages\/54\/revisions\/982"}],"wp:featuredmedia":[{"embeddable":true,"href":"https:\/\/www.pembergermike.at\/index.php?rest_route=\/wp\/v2\/media\/703"}],"wp:attachment":[{"href":"https:\/\/www.pembergermike.at\/index.php?rest_route=%2Fwp%2Fv2%2Fmedia&parent=54"}],"curies":[{"name":"wp","href":"https:\/\/api.w.org\/{rel}","templated":true}]}}