{"id":448,"date":"2018-07-16T21:59:27","date_gmt":"2018-07-16T19:59:27","guid":{"rendered":"http:\/\/www.pembergermike.fixed-staging.co.uk\/?page_id=448"},"modified":"2022-04-02T11:56:52","modified_gmt":"2022-04-02T09:56:52","slug":"meine-schwerpunkte-klinisch-psychologischer-diagnostik","status":"publish","type":"page","link":"https:\/\/www.pembergermike.at\/?page_id=448","title":{"rendered":"Meine Schwerpunkte klinisch-psychologischer Diagnostik"},"content":{"rendered":"<h4><span style=\"color: #008000;\">&#8211; Fr\u00fcherkennung von Ged\u00e4chtnisst\u00f6rungen<\/span><\/h4>\n<h4><span style=\"color: #008000;\">&#8211; Diagnostik und Differenzialdiagnostik von kognitiven Einbu\u00dfen<br \/>\n(u.a. betreffend Orientierung, Ged\u00e4chtnis, Aufmerksamkeit und<br \/>\nKonzentration, Planungs-, Probleml\u00f6sef\u00e4higkeit, Exekutivfunktionen,<br \/>\nSprache und sprachassoziierten Leistungen, visuokonstruktive F\u00e4higkeiten)<\/span><\/h4>\n<h4><span style=\"color: #008000;\">&#8211; Psychometrische Verlaufskontrollen<\/span><\/h4>\n<h4><span style=\"color: #008000;\">&#8211; Erfassung von Schwierigkeiten zur Einleitung fr\u00fchzeitiger medizinischer<br \/>\nMa\u00dfnahmen sowie fr\u00fchzeitiger und gezielter ergotherapeutischer,<br \/>\nneuropsychologischer, psychotherapeutischer Therapien<\/span><\/h4>\n","protected":false},"excerpt":{"rendered":"<p>&#8211; Fr\u00fcherkennung von Ged\u00e4chtnisst\u00f6rungen &#8211; Diagnostik und Differenzialdiagnostik von kognitiven Einbu\u00dfen (u.a. betreffend Orientierung, Ged\u00e4chtnis, Aufmerksamkeit und Konzentration, Planungs-, Probleml\u00f6sef\u00e4higkeit, Exekutivfunktionen, Sprache und sprachassoziierten Leistungen, visuokonstruktive F\u00e4higkeiten) &#8211; Psychometrische Verlaufskontrollen &#8211; Erfassung von Schwierigkeiten zur Einleitung fr\u00fchzeitiger medizinischer Ma\u00dfnahmen sowie fr\u00fchzeitiger und gezielter ergotherapeutischer, neuropsychologischer, psychotherapeutischer Therapien<\/p>\n","protected":false},"author":2,"featured_media":693,"parent":0,"menu_order":0,"comment_status":"closed","ping_status":"closed","template":"","meta":{"footnotes":""},"class_list":["post-448","page","type-page","status-publish","has-post-thumbnail","hentry"],"aioseo_notices":[],"_links":{"self":[{"href":"https:\/\/www.pembergermike.at\/index.php?rest_route=\/wp\/v2\/pages\/448","targetHints":{"allow":["GET"]}}],"collection":[{"href":"https:\/\/www.pembergermike.at\/index.php?rest_route=\/wp\/v2\/pages"}],"about":[{"href":"https:\/\/www.pembergermike.at\/index.php?rest_route=\/wp\/v2\/types\/page"}],"author":[{"embeddable":true,"href":"https:\/\/www.pembergermike.at\/index.php?rest_route=\/wp\/v2\/users\/2"}],"replies":[{"embeddable":true,"href":"https:\/\/www.pembergermike.at\/index.php?rest_route=%2Fwp%2Fv2%2Fcomments&post=448"}],"version-history":[{"count":7,"href":"https:\/\/www.pembergermike.at\/index.php?rest_route=\/wp\/v2\/pages\/448\/revisions"}],"predecessor-version":[{"id":893,"href":"https:\/\/www.pembergermike.at\/index.php?rest_route=\/wp\/v2\/pages\/448\/revisions\/893"}],"wp:featuredmedia":[{"embeddable":true,"href":"https:\/\/www.pembergermike.at\/index.php?rest_route=\/wp\/v2\/media\/693"}],"wp:attachment":[{"href":"https:\/\/www.pembergermike.at\/index.php?rest_route=%2Fwp%2Fv2%2Fmedia&parent=448"}],"curies":[{"name":"wp","href":"https:\/\/api.w.org\/{rel}","templated":true}]}}