{"id":432,"date":"2018-07-16T21:59:44","date_gmt":"2018-07-16T19:59:44","guid":{"rendered":"http:\/\/www.pembergermike.fixed-staging.co.uk\/?page_id=432"},"modified":"2022-04-02T11:52:50","modified_gmt":"2022-04-02T09:52:50","slug":"psyche-und-krebs","status":"publish","type":"page","link":"https:\/\/www.pembergermike.at\/?page_id=432","title":{"rendered":"Psyche und Krebs"},"content":{"rendered":"<h4><span style=\"color: #008000;\">Die Diagnose einer Krebserkrankung kann f\u00fcr jede betroffene Person, aber auch f\u00fcr ihr soziales Umfeld ein sehr belastendes Lebensereignis darstellen und existenzielle Bedrohung ausl\u00f6sen.<\/span><\/h4>\n<h4><span style=\"color: #008000;\">Neben dem h\u00e4ufig berichteten Vertrauensverlust in den eigenen K\u00f6rper sehen sich die Betroffenen mit einer Vielzahl an neuartigen Erfahrungen und notwendigen Entscheidungen konfrontiert (u.a. unbekannte diagnostische Ma\u00dfnahmen, Einleitung und Durchf\u00fchrung von Therapiema\u00dfnahmen).<\/span><\/h4>\n<h4><span style=\"color: #008000;\">M\u00f6gliche, daraus resultierende k\u00f6rperliche Ver\u00e4nderungen\/Beeintr\u00e4chtigungen (z.B. therapieassoziierte Nebenwirkungen, ver\u00e4ndertes K\u00f6rperbild, Ersch\u00f6pfungszust\u00e4nde) bedingen oft eine \u00c4nderung in der Bew\u00e4ltigung der t\u00e4glichen Routine (Krankenst\u00e4nde, finanzielle Einbu\u00dfen) und eine ver\u00e4nderte Lebensqualit\u00e4t.<\/span><\/h4>\n<h4><span style=\"color: #008000;\">Neben den durchaus normalen emotionalen Reaktionen auf eine Krebserkrankung (Verunsicherung, Verletzbarkeit, Ersch\u00fctterung, Wut, Gereiztheit u.a.) k\u00f6nnen sich jedoch auch ernste, krankheitswertige Ver\u00e4nderungen und Belastungen (Depressionen, \u00c4ngste, Panikzust\u00e4nde, sozialer R\u00fcckzug, traumatisches Erleben, Sinn- und Lebenskrisen) einstellen.<\/span><\/h4>\n","protected":false},"excerpt":{"rendered":"<p>Die Diagnose einer Krebserkrankung kann f\u00fcr jede betroffene Person, aber auch f\u00fcr ihr soziales Umfeld ein sehr belastendes Lebensereignis darstellen und existenzielle Bedrohung ausl\u00f6sen. Neben dem h\u00e4ufig berichteten Vertrauensverlust in den eigenen K\u00f6rper sehen sich die Betroffenen mit einer Vielzahl an neuartigen Erfahrungen und notwendigen Entscheidungen konfrontiert (u.a. unbekannte diagnostische Ma\u00dfnahmen, Einleitung und Durchf\u00fchrung von &hellip; <\/p>\n<p class=\"link-more\"><a href=\"https:\/\/www.pembergermike.at\/?page_id=432\" class=\"more-link\">Mehr <span class=\"screen-reader-text\">\u00fcber &#8222;Psyche und Krebs&#8220; <\/span>Lesen<\/a><\/p>\n","protected":false},"author":2,"featured_media":672,"parent":0,"menu_order":0,"comment_status":"closed","ping_status":"closed","template":"","meta":{"footnotes":""},"class_list":["post-432","page","type-page","status-publish","has-post-thumbnail","hentry"],"aioseo_notices":[],"_links":{"self":[{"href":"https:\/\/www.pembergermike.at\/index.php?rest_route=\/wp\/v2\/pages\/432","targetHints":{"allow":["GET"]}}],"collection":[{"href":"https:\/\/www.pembergermike.at\/index.php?rest_route=\/wp\/v2\/pages"}],"about":[{"href":"https:\/\/www.pembergermike.at\/index.php?rest_route=\/wp\/v2\/types\/page"}],"author":[{"embeddable":true,"href":"https:\/\/www.pembergermike.at\/index.php?rest_route=\/wp\/v2\/users\/2"}],"replies":[{"embeddable":true,"href":"https:\/\/www.pembergermike.at\/index.php?rest_route=%2Fwp%2Fv2%2Fcomments&post=432"}],"version-history":[{"count":5,"href":"https:\/\/www.pembergermike.at\/index.php?rest_route=\/wp\/v2\/pages\/432\/revisions"}],"predecessor-version":[{"id":889,"href":"https:\/\/www.pembergermike.at\/index.php?rest_route=\/wp\/v2\/pages\/432\/revisions\/889"}],"wp:featuredmedia":[{"embeddable":true,"href":"https:\/\/www.pembergermike.at\/index.php?rest_route=\/wp\/v2\/media\/672"}],"wp:attachment":[{"href":"https:\/\/www.pembergermike.at\/index.php?rest_route=%2Fwp%2Fv2%2Fmedia&parent=432"}],"curies":[{"name":"wp","href":"https:\/\/api.w.org\/{rel}","templated":true}]}}