{"id":423,"date":"2018-07-16T21:56:25","date_gmt":"2018-07-16T19:56:25","guid":{"rendered":"http:\/\/www.pembergermike.fixed-staging.co.uk\/?page_id=423"},"modified":"2022-04-02T11:54:09","modified_gmt":"2022-04-02T09:54:09","slug":"ablauf","status":"publish","type":"page","link":"https:\/\/www.pembergermike.at\/?page_id=423","title":{"rendered":"Ablauf"},"content":{"rendered":"<h4><span style=\"color: #008000;\">Im Rahmen des Therapieprozesses werden nach umfassender und differenzierter Abkl\u00e4rung der Problemlage zu Beginn klare Therapieziele vereinbart, die im Laufe der Therapie wiederholt \u00fcberpr\u00fcft werden.<\/span><\/h4>\n<h4><span style=\"color: #008000;\">\u00a0Im Therapieverlauf kommen verschiedene verhaltenstherapeutische Verfahren zur Anwendung, die auch die St\u00e4rkung des Selbsthilfepotenzials des Klienten\/Patienten als Therapieprinzip haben (\u201eHilfe zur Selbsthilfe\u201c). Der Patient soll in der Therapie nach Einsicht in Ursachen und Entstehungsgeschichte seiner Probleme lernen, mit dem eigenen Leben (wieder) zurechtzukommen. Entscheidend sind die individuelle Anpassung der jeweiligen Behandlungsstrategien auf die Problemlage sowie Zielvorstellung des Klienten\/Patienten.<\/span><\/h4>\n<h4><span style=\"color: #008000;\">H\u00e4ufigkeit und Intensit\u00e4t richten sich nach Form und Schwere der Problemlage, wobei Therapiestunden 50 Minuten dauern und zumeist 1x pro Woche stattfinden.<\/span><\/h4>\n<h4><\/h4>\n<h4><span style=\"color: #008000;\">Terminabsagen\/-verschiebungen k\u00f6nnen bis zu 24 Stunden vor dem vereinbarten Termin kostenlos erfolgen; danach behalte ich mir vor, einen Kostenersatz in Rechnung zu stellen.\u00a0<\/span><\/h4>\n<h4><span style=\"color: #008000;\">\u00a0Teilrefundierung durch diverse Krankenkassen m\u00f6glich.<\/span><\/h4>\n<h4><span style=\"color: #008000;\">\u00a0Ich informiere Sie diesbez\u00fcglich gerne!<\/span><\/h4>\n","protected":false},"excerpt":{"rendered":"<p>Im Rahmen des Therapieprozesses werden nach umfassender und differenzierter Abkl\u00e4rung der Problemlage zu Beginn klare Therapieziele vereinbart, die im Laufe der Therapie wiederholt \u00fcberpr\u00fcft werden. \u00a0Im Therapieverlauf kommen verschiedene verhaltenstherapeutische Verfahren zur Anwendung, die auch die St\u00e4rkung des Selbsthilfepotenzials des Klienten\/Patienten als Therapieprinzip haben (\u201eHilfe zur Selbsthilfe\u201c). Der Patient soll in der Therapie nach Einsicht &hellip; <\/p>\n<p class=\"link-more\"><a href=\"https:\/\/www.pembergermike.at\/?page_id=423\" class=\"more-link\">Mehr <span class=\"screen-reader-text\">\u00fcber &#8222;Ablauf&#8220; <\/span>Lesen<\/a><\/p>\n","protected":false},"author":2,"featured_media":706,"parent":0,"menu_order":0,"comment_status":"closed","ping_status":"closed","template":"","meta":{"footnotes":""},"class_list":["post-423","page","type-page","status-publish","has-post-thumbnail","hentry"],"aioseo_notices":[],"_links":{"self":[{"href":"https:\/\/www.pembergermike.at\/index.php?rest_route=\/wp\/v2\/pages\/423","targetHints":{"allow":["GET"]}}],"collection":[{"href":"https:\/\/www.pembergermike.at\/index.php?rest_route=\/wp\/v2\/pages"}],"about":[{"href":"https:\/\/www.pembergermike.at\/index.php?rest_route=\/wp\/v2\/types\/page"}],"author":[{"embeddable":true,"href":"https:\/\/www.pembergermike.at\/index.php?rest_route=\/wp\/v2\/users\/2"}],"replies":[{"embeddable":true,"href":"https:\/\/www.pembergermike.at\/index.php?rest_route=%2Fwp%2Fv2%2Fcomments&post=423"}],"version-history":[{"count":20,"href":"https:\/\/www.pembergermike.at\/index.php?rest_route=\/wp\/v2\/pages\/423\/revisions"}],"predecessor-version":[{"id":891,"href":"https:\/\/www.pembergermike.at\/index.php?rest_route=\/wp\/v2\/pages\/423\/revisions\/891"}],"wp:featuredmedia":[{"embeddable":true,"href":"https:\/\/www.pembergermike.at\/index.php?rest_route=\/wp\/v2\/media\/706"}],"wp:attachment":[{"href":"https:\/\/www.pembergermike.at\/index.php?rest_route=%2Fwp%2Fv2%2Fmedia&parent=423"}],"curies":[{"name":"wp","href":"https:\/\/api.w.org\/{rel}","templated":true}]}}