{"id":193,"date":"2018-01-06T19:24:11","date_gmt":"2018-01-06T18:24:11","guid":{"rendered":"http:\/\/www.pembergermike.fixed-staging.co.uk\/?page_id=193"},"modified":"2022-04-02T12:01:24","modified_gmt":"2022-04-02T10:01:24","slug":"psychologische-diagnostik","status":"publish","type":"page","link":"https:\/\/www.pembergermike.at\/?page_id=193","title":{"rendered":"Wozu psychologische Diagnostik"},"content":{"rendered":"<h4><span style=\"color: #008000;\">Klinische Psychologen sind Spezialisten sowohl im Erkennen von Problemen und krankheitswertigen St\u00f6rungen des menschlichen Erlebens und Verhaltens als auch im Entwickeln von ma\u00dfgeschneiderten L\u00f6sungen und Behandlungen.<\/span><\/h4>\n<h4><span style=\"color: #008000;\">Im Rahmen klinisch-psychologischer Diagnostik kommen neben einem ausf\u00fchrlichen Gespr\u00e4ch (Exploration) psychologische Testverfahren zum Einsatz, die Einschr\u00e4nkungen in den Bereichen Wahrnehmung, Aufmerksamkeit, Ged\u00e4chtnis, Lernen, Exekutive Funktionen und Sprache festgestellt werden k\u00f6nnen.<\/span><\/h4>\n<h4><span style=\"color: #008000;\">Im Anschluss an die Diagnostik k\u00f6nnen im Rahmen einer ausf\u00fchrlichen Befundbesprechung Informationen und Empfehlungen f\u00fcr die weitere Vorgehensweise und Behandlung gegeben werden. Der schriftliche klinisch-psychologische Befund wird Ihnen ebenfalls \u00fcbermittelt.<\/span><\/h4>\n<h4><\/h4>\n<h4><span style=\"color: #008000;\">Klinisch-psychologische Diagnostik kann in meiner Praxis als Wahlpsychologin des Hauptverbands \u00d6sterreichischer Sozialversicherungstr\u00e4ger in Anspruch genommen werden.<\/span><\/h4>\n<h4><span style=\"color: #008000;\">Hierbei m\u00fcssen Sie die Behandlung zuerst selbst bezahlt werden -danach k\u00f6nnen Sie die Honorarnote zur Kostenerstattung bei der Krankenkasse einreichen. \u00c4hnlich wie bei einer Wahlarztbehandlung wird dann ein gewisser Prozentsatz des Honorars refundiert.<\/span><\/h4>\n","protected":false},"excerpt":{"rendered":"<p>Klinische Psychologen sind Spezialisten sowohl im Erkennen von Problemen und krankheitswertigen St\u00f6rungen des menschlichen Erlebens und Verhaltens als auch im Entwickeln von ma\u00dfgeschneiderten L\u00f6sungen und Behandlungen. Im Rahmen klinisch-psychologischer Diagnostik kommen neben einem ausf\u00fchrlichen Gespr\u00e4ch (Exploration) psychologische Testverfahren zum Einsatz, die Einschr\u00e4nkungen in den Bereichen Wahrnehmung, Aufmerksamkeit, Ged\u00e4chtnis, Lernen, Exekutive Funktionen und Sprache festgestellt werden &hellip; <\/p>\n<p class=\"link-more\"><a href=\"https:\/\/www.pembergermike.at\/?page_id=193\" class=\"more-link\">Mehr <span class=\"screen-reader-text\">\u00fcber &#8222;Wozu psychologische Diagnostik&#8220; <\/span>Lesen<\/a><\/p>\n","protected":false},"author":2,"featured_media":693,"parent":0,"menu_order":0,"comment_status":"closed","ping_status":"closed","template":"","meta":{"footnotes":""},"class_list":["post-193","page","type-page","status-publish","has-post-thumbnail","hentry"],"aioseo_notices":[],"_links":{"self":[{"href":"https:\/\/www.pembergermike.at\/index.php?rest_route=\/wp\/v2\/pages\/193","targetHints":{"allow":["GET"]}}],"collection":[{"href":"https:\/\/www.pembergermike.at\/index.php?rest_route=\/wp\/v2\/pages"}],"about":[{"href":"https:\/\/www.pembergermike.at\/index.php?rest_route=\/wp\/v2\/types\/page"}],"author":[{"embeddable":true,"href":"https:\/\/www.pembergermike.at\/index.php?rest_route=\/wp\/v2\/users\/2"}],"replies":[{"embeddable":true,"href":"https:\/\/www.pembergermike.at\/index.php?rest_route=%2Fwp%2Fv2%2Fcomments&post=193"}],"version-history":[{"count":15,"href":"https:\/\/www.pembergermike.at\/index.php?rest_route=\/wp\/v2\/pages\/193\/revisions"}],"predecessor-version":[{"id":897,"href":"https:\/\/www.pembergermike.at\/index.php?rest_route=\/wp\/v2\/pages\/193\/revisions\/897"}],"wp:featuredmedia":[{"embeddable":true,"href":"https:\/\/www.pembergermike.at\/index.php?rest_route=\/wp\/v2\/media\/693"}],"wp:attachment":[{"href":"https:\/\/www.pembergermike.at\/index.php?rest_route=%2Fwp%2Fv2%2Fmedia&parent=193"}],"curies":[{"name":"wp","href":"https:\/\/api.w.org\/{rel}","templated":true}]}}